{"id":5219,"date":"2026-02-07T22:49:14","date_gmt":"2026-02-07T22:49:14","guid":{"rendered":"https:\/\/civilwordsaps.it\/?page_id=5219"},"modified":"2026-04-20T19:51:29","modified_gmt":"2026-04-20T19:51:29","slug":"corso-attore-integrato-2025","status":"publish","type":"page","link":"https:\/\/civilwordsaps.it\/en\/workshop\/corso-attore-integrato-2025\/","title":{"rendered":"CORSO L&#8217;ATTORE INTEGRATO 2025"},"content":{"rendered":"<div data-elementor-type=\"wp-page\" data-elementor-id=\"5219\" class=\"elementor elementor-5219\">\n\t\t\t\t<div class=\"elementor-element elementor-element-cbb44d8 e-flex e-con-boxed e-con e-parent\" data-id=\"cbb44d8\" data-element_type=\"container\">\n\t\t\t\t\t<div class=\"e-con-inner\">\n\t\t\t\t<div class=\"elementor-element elementor-element-14ebac6 elementor-widget elementor-widget-spacer\" data-id=\"14ebac6\" data-element_type=\"widget\" data-widget_type=\"spacer.default\">\n\t\t\t\t\t\t\t<div class=\"elementor-spacer\">\n\t\t\t<div class=\"elementor-spacer-inner\"><\/div>\n\t\t<\/div>\n\t\t\t\t\t\t<\/div>\n\t\t\t\t\t<\/div>\n\t\t\t\t<\/div>\n\t\t<div class=\"elementor-element elementor-element-43be409 e-flex e-con-boxed e-con e-parent\" data-id=\"43be409\" data-element_type=\"container\">\n\t\t\t\t\t<div class=\"e-con-inner\">\n\t\t\t\t<div class=\"elementor-element elementor-element-a4cf3a3 elementor-widget elementor-widget-text-editor\" data-id=\"a4cf3a3\" data-element_type=\"widget\" data-widget_type=\"text-editor.default\">\n\t\t\t\t\t\t\t\t\t<h2>ACTING COURSE 2025<\/h2><h4>ADVANCED REALISM IBSEN AND CHEKHOV<\/h4>\t\t\t\t\t\t\t\t<\/div>\n\t\t\t\t\t<\/div>\n\t\t\t\t<\/div>\n\t\t<div class=\"elementor-element elementor-element-63fd686 e-flex e-con-boxed e-con e-parent\" data-id=\"63fd686\" data-element_type=\"container\">\n\t\t\t\t\t<div class=\"e-con-inner\">\n\t\t<div class=\"elementor-element elementor-element-2350038 e-con-full e-flex e-con e-child\" data-id=\"2350038\" data-element_type=\"container\">\n\t\t\t\t<div class=\"elementor-element elementor-element-9bd2a57 elementor-widget elementor-widget-image\" data-id=\"9bd2a57\" data-element_type=\"widget\" data-widget_type=\"image.default\">\n\t\t\t\t\t\t\t\t\t\t\t\t\t\t\t<img fetchpriority=\"high\" decoding=\"async\" width=\"1080\" height=\"1080\" src=\"https:\/\/civilwordsaps.it\/wp-content\/uploads\/2026\/02\/Corso-di-Recitazione-2025-1.jpg\" class=\"attachment-full size-full wp-image-5225\" alt=\"\" srcset=\"https:\/\/civilwordsaps.it\/wp-content\/uploads\/2026\/02\/Corso-di-Recitazione-2025-1.jpg 1080w, https:\/\/civilwordsaps.it\/wp-content\/uploads\/2026\/02\/Corso-di-Recitazione-2025-1-300x300.jpg 300w, https:\/\/civilwordsaps.it\/wp-content\/uploads\/2026\/02\/Corso-di-Recitazione-2025-1-1024x1024.jpg 1024w, https:\/\/civilwordsaps.it\/wp-content\/uploads\/2026\/02\/Corso-di-Recitazione-2025-1-150x150.jpg 150w, https:\/\/civilwordsaps.it\/wp-content\/uploads\/2026\/02\/Corso-di-Recitazione-2025-1-768x768.jpg 768w, https:\/\/civilwordsaps.it\/wp-content\/uploads\/2026\/02\/Corso-di-Recitazione-2025-1-500x500.jpg 500w, https:\/\/civilwordsaps.it\/wp-content\/uploads\/2026\/02\/Corso-di-Recitazione-2025-1-800x800.jpg 800w, https:\/\/civilwordsaps.it\/wp-content\/uploads\/2026\/02\/Corso-di-Recitazione-2025-1-12x12.jpg 12w, https:\/\/civilwordsaps.it\/wp-content\/uploads\/2026\/02\/Corso-di-Recitazione-2025-1-600x600.jpg 600w, https:\/\/civilwordsaps.it\/wp-content\/uploads\/2026\/02\/Corso-di-Recitazione-2025-1-100x100.jpg 100w\" sizes=\"(max-width: 1080px) 100vw, 1080px\" \/>\t\t\t\t\t\t\t\t\t\t\t\t\t\t\t<\/div>\n\t\t\t\t<\/div>\n\t\t<div class=\"elementor-element elementor-element-18726f2 e-con-full e-flex e-con e-child\" data-id=\"18726f2\" data-element_type=\"container\">\n\t\t\t\t<div class=\"elementor-element elementor-element-9c9065c elementor-arrows-position-inside elementor-widget elementor-widget-image-carousel\" data-id=\"9c9065c\" data-element_type=\"widget\" data-settings=\"{&quot;slides_to_show&quot;:&quot;2&quot;,&quot;slides_to_scroll&quot;:&quot;1&quot;,&quot;navigation&quot;:&quot;arrows&quot;,&quot;autoplay&quot;:&quot;yes&quot;,&quot;pause_on_hover&quot;:&quot;yes&quot;,&quot;pause_on_interaction&quot;:&quot;yes&quot;,&quot;autoplay_speed&quot;:5000,&quot;infinite&quot;:&quot;yes&quot;,&quot;speed&quot;:500}\" data-widget_type=\"image-carousel.default\">\n\t\t\t\t\t\t\t<div class=\"elementor-image-carousel-wrapper swiper\" role=\"region\" aria-roledescription=\"carousel\" aria-label=\"Carosello d&#039;immagini\" dir=\"ltr\">\n\t\t\t<div class=\"elementor-image-carousel swiper-wrapper swiper-image-stretch\" aria-live=\"off\">\n\t\t\t\t\t\t\t\t<div class=\"swiper-slide\" role=\"group\" aria-roledescription=\"slide\" aria-label=\"1 di 3\"><figure class=\"swiper-slide-inner\"><img decoding=\"async\" class=\"swiper-slide-image\" src=\"https:\/\/civilwordsaps.it\/wp-content\/uploads\/2026\/02\/Corso-di-Recitazione-2025-2.jpg\" alt=\"Corso di Recitazione 2025 - 2\" \/><\/figure><\/div><div class=\"swiper-slide\" role=\"group\" aria-roledescription=\"slide\" aria-label=\"2 di 3\"><figure class=\"swiper-slide-inner\"><img decoding=\"async\" class=\"swiper-slide-image\" src=\"https:\/\/civilwordsaps.it\/wp-content\/uploads\/2026\/02\/Corso-di-Recitazione-2025-3.jpg\" alt=\"Corso di Recitazione 2025 - 3\" \/><\/figure><\/div><div class=\"swiper-slide\" role=\"group\" aria-roledescription=\"slide\" aria-label=\"3 di 3\"><figure class=\"swiper-slide-inner\"><img decoding=\"async\" class=\"swiper-slide-image\" src=\"https:\/\/civilwordsaps.it\/wp-content\/uploads\/2026\/02\/Corso-di-Recitazione-2025-4.jpg\" alt=\"Corso di Recitazione 2025 - 4\" \/><\/figure><\/div>\t\t\t<\/div>\n\t\t\t\t\t\t\t\t\t\t\t\t<div class=\"elementor-swiper-button elementor-swiper-button-prev\" role=\"button\" tabindex=\"0\">\n\t\t\t\t\t\t<svg aria-hidden=\"true\" class=\"e-font-icon-svg e-eicon-chevron-left\" viewbox=\"0 0 1000 1000\" xmlns=\"http:\/\/www.w3.org\/2000\/svg\"><path d=\"M646 125C629 125 613 133 604 142L308 442C296 454 292 471 292 487 292 504 296 521 308 533L604 854C617 867 629 875 646 875 663 875 679 871 692 858 704 846 713 829 713 812 713 796 708 779 692 767L438 487 692 225C700 217 708 204 708 187 708 171 704 154 692 142 675 129 663 125 646 125Z\"><\/path><\/svg>\t\t\t\t\t<\/div>\n\t\t\t\t\t<div class=\"elementor-swiper-button elementor-swiper-button-next\" role=\"button\" tabindex=\"0\">\n\t\t\t\t\t\t<svg aria-hidden=\"true\" class=\"e-font-icon-svg e-eicon-chevron-right\" viewbox=\"0 0 1000 1000\" xmlns=\"http:\/\/www.w3.org\/2000\/svg\"><path d=\"M696 533C708 521 713 504 713 487 713 471 708 454 696 446L400 146C388 133 375 125 354 125 338 125 325 129 313 142 300 154 292 171 292 187 292 204 296 221 308 233L563 492 304 771C292 783 288 800 288 817 288 833 296 850 308 863 321 871 338 875 354 875 371 875 388 867 400 854L696 533Z\"><\/path><\/svg>\t\t\t\t\t<\/div>\n\t\t\t\t\n\t\t\t\t\t\t\t\t\t<\/div>\n\t\t\t\t\t\t<\/div>\n\t\t\t\t<\/div>\n\t\t\t\t\t<\/div>\n\t\t\t\t<\/div>\n\t\t<div class=\"elementor-element elementor-element-deaca82 e-flex e-con-boxed e-con e-parent\" data-id=\"deaca82\" data-element_type=\"container\">\n\t\t\t\t\t<div class=\"e-con-inner\">\n\t\t\t\t<div class=\"elementor-element elementor-element-056ce90 elementor-widget elementor-widget-text-editor\" data-id=\"056ce90\" data-element_type=\"widget\" data-widget_type=\"text-editor.default\">\n\t\t\t\t\t\t\t\t\t<p>From January to June 2025, the two Civil Words acting courses will start, held in English and Italian, in collaboration with the American director Nick J Rapp and @elfteatro<br \/><br \/>The advanced course is aimed at already trained actors and will take place at ELF Teatro (via S. G. Emiliani 1, MM3 Porta Romana) with evening lessons on Mondays (7:00 pm \u2013 10:00 pm) and will be accessible by audition.<\/p><p>Seats are limited, so we recommend you book your audition now!<br \/><br \/>\u27a1\ufe0f Those who register by December will receive the PROMO price! \u2b05\ufe0f<br \/><br \/>\u201cIn this course, we'll apply many of the same techniques used in the basic course, but on a deeper level, with far more challenging texts. There are actors who, in rehearsal, bring so many colors and nuances to a scene, inspiring me to explore every possible avenue. I would appreciate having the time to enjoy the process of exploring dense, rich material, unconstrained by the harsh time constraints that confine a production's rehearsal period. It is during these periods of unrestricted exploration that an actor can gain new and profound insights.\u201d \u2013 Nick Rapp<br \/><br \/>Civil Words offers the experience of a highly qualified professional (graduate from UCLA, MFA in directing from UC San Diego) at a competitive price, whose work has been presented in various parts of the United States such as Los Angeles, New York and San Diego.<br \/><br \/>Visit Civilwords.it (link in bio) to fill out the registration form and learn more!<\/p>\t\t\t\t\t\t\t\t<\/div>\n\t\t\t\t\t<\/div>\n\t\t\t\t<\/div>\n\t\t\t\t<\/div>","protected":false},"excerpt":{"rendered":"<p>CORSO DI RECITAZIONE 2025 REALISMO AVANZATO IBSEN E CECHOV &nbsp; A partire da Gennaio fino a Giugno 2025 partiranno i due corsi di recitazione di Civil Words, tenuti in Inglese e Italiano, in collaborazione con il regista americano Nick J Rapp e @elfteatro Il corso avanzato \u00e8 rivolto ad attori gi\u00e0 formati e si svolger\u00e0&hellip;&nbsp;<a href=\"https:\/\/civilwordsaps.it\/en\/workshop\/corso-attore-integrato-2025\/\" rel=\"bookmark\"><span class=\"screen-reader-text\">CORSO L&#8217;ATTORE INTEGRATO 2025<\/span><\/a><\/p>","protected":false},"author":2,"featured_media":0,"parent":5374,"menu_order":0,"comment_status":"closed","ping_status":"closed","template":"page-templates\/template-pagebuilder-full-width.php","meta":{"_exactmetrics_skip_tracking":false,"_exactmetrics_sitenote_active":false,"_exactmetrics_sitenote_note":"","_exactmetrics_sitenote_category":0,"neve_meta_sidebar":"","neve_meta_container":"","neve_meta_enable_content_width":"off","neve_meta_content_width":100,"neve_meta_title_alignment":"","neve_meta_author_avatar":"","neve_post_elements_order":"","neve_meta_disable_header":"","neve_meta_disable_footer":"","neve_meta_disable_title":"","footnotes":""},"class_list":["post-5219","page","type-page","status-publish","hentry"],"yoast_head":"<!-- This site is optimized with the Yoast SEO plugin v25.7 - https:\/\/yoast.com\/wordpress\/plugins\/seo\/ -->\n<title>CORSO L&#039;ATTORE INTEGRATO 2025 - CIVIL WORDS<\/title>\n<meta name=\"robots\" content=\"index, follow, max-snippet:-1, max-image-preview:large, max-video-preview:-1\" \/>\n<link rel=\"canonical\" href=\"https:\/\/civilwordsaps.it\/en\/workshop\/corso-attore-integrato-2025\/\" \/>\n<meta property=\"og:locale\" content=\"en_GB\" \/>\n<meta property=\"og:type\" content=\"article\" \/>\n<meta property=\"og:title\" content=\"CORSO L&#039;ATTORE INTEGRATO 2025 - CIVIL WORDS\" \/>\n<meta property=\"og:description\" content=\"CORSO DI RECITAZIONE 2025 REALISMO AVANZATO IBSEN E CECHOV &nbsp; A partire da Gennaio fino a Giugno 2025 partiranno i due corsi di recitazione di Civil Words, tenuti in Inglese e Italiano, in collaborazione con il regista americano Nick J Rapp e @elfteatro Il corso avanzato \u00e8 rivolto ad attori gi\u00e0 formati e si svolger\u00e0&hellip;&nbsp;CORSO L&#8217;ATTORE INTEGRATO 2025\" \/>\n<meta property=\"og:url\" content=\"https:\/\/civilwordsaps.it\/en\/workshop\/corso-attore-integrato-2025\/\" \/>\n<meta property=\"og:site_name\" content=\"CIVIL WORDS\" \/>\n<meta property=\"article:publisher\" content=\"https:\/\/www.facebook.com\/CivWords\" \/>\n<meta property=\"article:modified_time\" content=\"2026-04-20T19:51:29+00:00\" \/>\n<meta property=\"og:image\" content=\"https:\/\/civilwordsaps.it\/wp-content\/uploads\/2026\/02\/Corso-di-Recitazione-2025-1.jpg\" \/>\n\t<meta property=\"og:image:width\" content=\"1080\" \/>\n\t<meta property=\"og:image:height\" content=\"1080\" \/>\n\t<meta property=\"og:image:type\" content=\"image\/jpeg\" \/>\n<meta name=\"twitter:card\" content=\"summary_large_image\" \/>\n<meta name=\"twitter:label1\" content=\"Estimated reading time\" \/>\n\t<meta name=\"twitter:data1\" content=\"3 minutes\" \/>\n<script type=\"application\/ld+json\" class=\"yoast-schema-graph\">{\"@context\":\"https:\/\/schema.org\",\"@graph\":[{\"@type\":\"WebPage\",\"@id\":\"https:\/\/civilwordsaps.it\/workshop\/corso-attore-integrato-2025\/\",\"url\":\"https:\/\/civilwordsaps.it\/workshop\/corso-attore-integrato-2025\/\",\"name\":\"CORSO L'ATTORE INTEGRATO 2025 - CIVIL WORDS\",\"isPartOf\":{\"@id\":\"https:\/\/civilwordsaps.it\/#website\"},\"primaryImageOfPage\":{\"@id\":\"https:\/\/civilwordsaps.it\/workshop\/corso-attore-integrato-2025\/#primaryimage\"},\"image\":{\"@id\":\"https:\/\/civilwordsaps.it\/workshop\/corso-attore-integrato-2025\/#primaryimage\"},\"thumbnailUrl\":\"https:\/\/civilwordsaps.it\/wp-content\/uploads\/2026\/02\/Corso-di-Recitazione-2025-1.jpg\",\"datePublished\":\"2026-02-07T22:49:14+00:00\",\"dateModified\":\"2026-04-20T19:51:29+00:00\",\"breadcrumb\":{\"@id\":\"https:\/\/civilwordsaps.it\/workshop\/corso-attore-integrato-2025\/#breadcrumb\"},\"inLanguage\":\"en-GB\",\"potentialAction\":[{\"@type\":\"ReadAction\",\"target\":[\"https:\/\/civilwordsaps.it\/workshop\/corso-attore-integrato-2025\/\"]}]},{\"@type\":\"ImageObject\",\"inLanguage\":\"en-GB\",\"@id\":\"https:\/\/civilwordsaps.it\/workshop\/corso-attore-integrato-2025\/#primaryimage\",\"url\":\"https:\/\/civilwordsaps.it\/wp-content\/uploads\/2026\/02\/Corso-di-Recitazione-2025-1.jpg\",\"contentUrl\":\"https:\/\/civilwordsaps.it\/wp-content\/uploads\/2026\/02\/Corso-di-Recitazione-2025-1.jpg\"},{\"@type\":\"BreadcrumbList\",\"@id\":\"https:\/\/civilwordsaps.it\/workshop\/corso-attore-integrato-2025\/#breadcrumb\",\"itemListElement\":[{\"@type\":\"ListItem\",\"position\":1,\"name\":\"Home\",\"item\":\"https:\/\/civilwordsaps.it\/\"},{\"@type\":\"ListItem\",\"position\":2,\"name\":\"WORKSHOP\",\"item\":\"https:\/\/civilwordsaps.it\/workshop\/\"},{\"@type\":\"ListItem\",\"position\":3,\"name\":\"CORSO L&#8217;ATTORE INTEGRATO 2025\"}]},{\"@type\":\"WebSite\",\"@id\":\"https:\/\/civilwordsaps.it\/#website\",\"url\":\"https:\/\/civilwordsaps.it\/\",\"name\":\"Civil Words\",\"description\":\"STAY HUMAN\",\"publisher\":{\"@id\":\"https:\/\/civilwordsaps.it\/#organization\"},\"potentialAction\":[{\"@type\":\"SearchAction\",\"target\":{\"@type\":\"EntryPoint\",\"urlTemplate\":\"https:\/\/civilwordsaps.it\/?s={search_term_string}\"},\"query-input\":{\"@type\":\"PropertyValueSpecification\",\"valueRequired\":true,\"valueName\":\"search_term_string\"}}],\"inLanguage\":\"en-GB\"},{\"@type\":\"Organization\",\"@id\":\"https:\/\/civilwordsaps.it\/#organization\",\"name\":\"Civil Words\",\"url\":\"https:\/\/civilwordsaps.it\/\",\"logo\":{\"@type\":\"ImageObject\",\"inLanguage\":\"en-GB\",\"@id\":\"https:\/\/civilwordsaps.it\/#\/schema\/logo\/image\/\",\"url\":\"https:\/\/civilwordsaps.it\/wp-content\/uploads\/2025\/08\/logo-civil-words.png\",\"contentUrl\":\"https:\/\/civilwordsaps.it\/wp-content\/uploads\/2025\/08\/logo-civil-words.png\",\"width\":279,\"height\":105,\"caption\":\"Civil Words\"},\"image\":{\"@id\":\"https:\/\/civilwordsaps.it\/#\/schema\/logo\/image\/\"},\"sameAs\":[\"https:\/\/www.facebook.com\/CivWords\",\"https:\/\/www.instagram.com\/civilwords\/\",\"https:\/\/www.youtube.com\/@civilwords\/\"]}]}<\/script>\n<!-- \/ Yoast SEO plugin. -->","yoast_head_json":{"title":"CORSO L'ATTORE INTEGRATO 2025 - CIVIL WORDS","robots":{"index":"index","follow":"follow","max-snippet":"max-snippet:-1","max-image-preview":"max-image-preview:large","max-video-preview":"max-video-preview:-1"},"canonical":"https:\/\/civilwordsaps.it\/en\/workshop\/corso-attore-integrato-2025\/","og_locale":"en_GB","og_type":"article","og_title":"CORSO L'ATTORE INTEGRATO 2025 - CIVIL WORDS","og_description":"CORSO DI RECITAZIONE 2025 REALISMO AVANZATO IBSEN E CECHOV &nbsp; A partire da Gennaio fino a Giugno 2025 partiranno i due corsi di recitazione di Civil Words, tenuti in Inglese e Italiano, in collaborazione con il regista americano Nick J Rapp e @elfteatro Il corso avanzato \u00e8 rivolto ad attori gi\u00e0 formati e si svolger\u00e0&hellip;&nbsp;CORSO L&#8217;ATTORE INTEGRATO 2025","og_url":"https:\/\/civilwordsaps.it\/en\/workshop\/corso-attore-integrato-2025\/","og_site_name":"CIVIL WORDS","article_publisher":"https:\/\/www.facebook.com\/CivWords","article_modified_time":"2026-04-20T19:51:29+00:00","og_image":[{"width":1080,"height":1080,"url":"https:\/\/civilwordsaps.it\/wp-content\/uploads\/2026\/02\/Corso-di-Recitazione-2025-1.jpg","type":"image\/jpeg"}],"twitter_card":"summary_large_image","twitter_misc":{"Estimated reading time":"3 minutes"},"schema":{"@context":"https:\/\/schema.org","@graph":[{"@type":"WebPage","@id":"https:\/\/civilwordsaps.it\/workshop\/corso-attore-integrato-2025\/","url":"https:\/\/civilwordsaps.it\/workshop\/corso-attore-integrato-2025\/","name":"CORSO L'ATTORE INTEGRATO 2025 - CIVIL WORDS","isPartOf":{"@id":"https:\/\/civilwordsaps.it\/#website"},"primaryImageOfPage":{"@id":"https:\/\/civilwordsaps.it\/workshop\/corso-attore-integrato-2025\/#primaryimage"},"image":{"@id":"https:\/\/civilwordsaps.it\/workshop\/corso-attore-integrato-2025\/#primaryimage"},"thumbnailUrl":"https:\/\/civilwordsaps.it\/wp-content\/uploads\/2026\/02\/Corso-di-Recitazione-2025-1.jpg","datePublished":"2026-02-07T22:49:14+00:00","dateModified":"2026-04-20T19:51:29+00:00","breadcrumb":{"@id":"https:\/\/civilwordsaps.it\/workshop\/corso-attore-integrato-2025\/#breadcrumb"},"inLanguage":"en-GB","potentialAction":[{"@type":"ReadAction","target":["https:\/\/civilwordsaps.it\/workshop\/corso-attore-integrato-2025\/"]}]},{"@type":"ImageObject","inLanguage":"en-GB","@id":"https:\/\/civilwordsaps.it\/workshop\/corso-attore-integrato-2025\/#primaryimage","url":"https:\/\/civilwordsaps.it\/wp-content\/uploads\/2026\/02\/Corso-di-Recitazione-2025-1.jpg","contentUrl":"https:\/\/civilwordsaps.it\/wp-content\/uploads\/2026\/02\/Corso-di-Recitazione-2025-1.jpg"},{"@type":"BreadcrumbList","@id":"https:\/\/civilwordsaps.it\/workshop\/corso-attore-integrato-2025\/#breadcrumb","itemListElement":[{"@type":"ListItem","position":1,"name":"Home","item":"https:\/\/civilwordsaps.it\/"},{"@type":"ListItem","position":2,"name":"WORKSHOP","item":"https:\/\/civilwordsaps.it\/workshop\/"},{"@type":"ListItem","position":3,"name":"CORSO L&#8217;ATTORE INTEGRATO 2025"}]},{"@type":"WebSite","@id":"https:\/\/civilwordsaps.it\/#website","url":"https:\/\/civilwordsaps.it\/","name":"Civil Words","description":"STAY HUMAN","publisher":{"@id":"https:\/\/civilwordsaps.it\/#organization"},"potentialAction":[{"@type":"SearchAction","target":{"@type":"EntryPoint","urlTemplate":"https:\/\/civilwordsaps.it\/?s={search_term_string}"},"query-input":{"@type":"PropertyValueSpecification","valueRequired":true,"valueName":"search_term_string"}}],"inLanguage":"en-GB"},{"@type":"Organization","@id":"https:\/\/civilwordsaps.it\/#organization","name":"Civil Words","url":"https:\/\/civilwordsaps.it\/","logo":{"@type":"ImageObject","inLanguage":"en-GB","@id":"https:\/\/civilwordsaps.it\/#\/schema\/logo\/image\/","url":"https:\/\/civilwordsaps.it\/wp-content\/uploads\/2025\/08\/logo-civil-words.png","contentUrl":"https:\/\/civilwordsaps.it\/wp-content\/uploads\/2025\/08\/logo-civil-words.png","width":279,"height":105,"caption":"Civil Words"},"image":{"@id":"https:\/\/civilwordsaps.it\/#\/schema\/logo\/image\/"},"sameAs":["https:\/\/www.facebook.com\/CivWords","https:\/\/www.instagram.com\/civilwords\/","https:\/\/www.youtube.com\/@civilwords\/"]}]}},"_links":{"self":[{"href":"https:\/\/civilwordsaps.it\/en\/wp-json\/wp\/v2\/pages\/5219","targetHints":{"allow":["GET"]}}],"collection":[{"href":"https:\/\/civilwordsaps.it\/en\/wp-json\/wp\/v2\/pages"}],"about":[{"href":"https:\/\/civilwordsaps.it\/en\/wp-json\/wp\/v2\/types\/page"}],"author":[{"embeddable":true,"href":"https:\/\/civilwordsaps.it\/en\/wp-json\/wp\/v2\/users\/2"}],"replies":[{"embeddable":true,"href":"https:\/\/civilwordsaps.it\/en\/wp-json\/wp\/v2\/comments?post=5219"}],"version-history":[{"count":24,"href":"https:\/\/civilwordsaps.it\/en\/wp-json\/wp\/v2\/pages\/5219\/revisions"}],"predecessor-version":[{"id":5468,"href":"https:\/\/civilwordsaps.it\/en\/wp-json\/wp\/v2\/pages\/5219\/revisions\/5468"}],"up":[{"embeddable":true,"href":"https:\/\/civilwordsaps.it\/en\/wp-json\/wp\/v2\/pages\/5374"}],"wp:attachment":[{"href":"https:\/\/civilwordsaps.it\/en\/wp-json\/wp\/v2\/media?parent=5219"}],"curies":[{"name":"wp","href":"https:\/\/api.w.org\/{rel}","templated":true}]}}