{"id":1199,"date":"2025-08-21T14:59:31","date_gmt":"2025-08-21T14:59:31","guid":{"rendered":"https:\/\/civilwordsaps.it\/?post_type=product&#038;p=1199"},"modified":"2026-01-18T23:52:44","modified_gmt":"2026-01-18T23:52:44","slug":"donazioni","status":"publish","type":"product","link":"https:\/\/civilwordsaps.it\/en\/donazioni\/","title":{"rendered":"DONATIONS"},"content":{"rendered":"","protected":false},"excerpt":{"rendered":"<p data-pm-slice=\"0 0 []\"><strong>Why Civil Words?<br \/>\n<\/strong>We are an association that uses theater and the performing arts to raise awareness, educate, and inspire people on social, humanitarian, and civil issues.<br \/>\nWe believe that art can generate change, open dialogues and build more aware communities.<\/p>\n<p><strong>Why help us?<br \/>\n<\/strong>Every contribution allows us to carry out shows, workshops, and projects that benefit not only those who participate, but society as a whole. With your donation, you help us transform ideas and values \u200b\u200binto concrete actions, accessible to all. Every contribution we receive is used transparently and responsibly. The funds raised allow us to:<\/p>\n<p>\ud83c\udf9f\ufe0f Create shows and performances on social and civil issues, accessible even to those who cannot afford them.<br \/>\n\ud83d\udc69\u200d\ud83c\udfeb Organize theater workshops and workshops for students, adults, and communities, promoting education and inclusion.<br \/>\n\ud83c\udfa5 Produce multimedia materials (photos, videos, documentaries) to disseminate our projects to a wider audience.<br \/>\n\ud83c\udf0d Support collaborations with other associations and social entities, creating solidarity and cultural networks.<br \/>\n\ud83c\udfdb\ufe0f Ensure the management and logistics of our events (spaces, equipment, costumes, teaching materials).<br \/>\n\ud83d\udcda Invest in the training of actors and volunteers, because real change starts with the growth of the people who carry it out.<\/p>\n<p>With your donation, every euro becomes a seed of change that grows with us!<\/p>","protected":false},"featured_media":937,"template":"","meta":{"_exactmetrics_skip_tracking":false,"_exactmetrics_sitenote_active":false,"_exactmetrics_sitenote_note":"","_exactmetrics_sitenote_category":0,"neve_meta_sidebar":"","neve_meta_container":"","neve_meta_enable_content_width":"off","neve_meta_content_width":100,"neve_meta_title_alignment":"","neve_meta_author_avatar":"","neve_post_elements_order":"","neve_meta_disable_header":"","neve_meta_disable_footer":"","neve_meta_disable_title":""},"product_brand":[],"product_cat":[22],"product_tag":[],"class_list":{"0":"post-1199","1":"product","2":"type-product","3":"status-publish","4":"has-post-thumbnail","6":"product_cat-senza-categoria","8":"first","9":"instock","10":"virtual","11":"purchasable","12":"product-type-simple"},"yoast_head":"<!-- This site is optimized with the Yoast SEO plugin v25.7 - https:\/\/yoast.com\/wordpress\/plugins\/seo\/ -->\n<title>DONAZIONI - CIVIL WORDS<\/title>\n<meta name=\"robots\" content=\"index, follow, max-snippet:-1, max-image-preview:large, max-video-preview:-1\" \/>\n<link rel=\"canonical\" href=\"https:\/\/civilwordsaps.it\/en\/donazioni\/\" \/>\n<meta property=\"og:locale\" content=\"en_GB\" \/>\n<meta property=\"og:type\" content=\"article\" \/>\n<meta property=\"og:title\" content=\"DONAZIONI - CIVIL WORDS\" \/>\n<meta property=\"og:description\" content=\"Perch\u00e9 Civil Words? Siamo un\u2019associazione che utilizza il teatro e le arti performative per sensibilizzare, educare e ispirare le persone su temi sociali, umanitari e civili. Crediamo che l\u2019Arte possa generare cambiamento, aprire dialoghi e costruire comunit\u00e0 pi\u00f9 consapevoli. Perch\u00e9 aiutarci? Ogni contributo ci permette di portare avanti spettacoli, laboratori e progetti che fanno bene non solo a chi vi partecipa, ma all\u2019intera societ\u00e0. Con la tua donazione ci aiuti a trasformare idee e valori in azioni concrete, accessibili a tutti. Ogni contributo che riceviamo \u00e8 utilizzato in modo trasparente e responsabile. I fondi raccolti ci permettono di:  \ud83c\udf9f\ufe0f Realizzare spettacoli e performance su temi sociali e civili, accessibili anche a chi non potrebbe permetterseli. \ud83d\udc69\u200d\ud83c\udfeb Organizzare laboratori teatrali e workshop per studenti, adulti e comunit\u00e0, promuovendo educazione e inclusione. \ud83c\udfa5 Produrre materiali multimediali (foto, video, documentari) per diffondere i nostri progetti a un pubblico pi\u00f9 ampio. \ud83c\udf0d Sostenere collaborazioni con altre associazioni e realt\u00e0 sociali, creando reti solidali e culturali. \ud83c\udfdb\ufe0f Garantire la gestione e la logistica dei nostri eventi (spazi, attrezzature, costumi, materiali didattici). \ud83d\udcda Investire nella formazione degli attori e dei volontari, perch\u00e9 un cambiamento reale parte dalla crescita delle persone che lo portano avanti.  Con la tua donazione, ogni euro diventa un seme di cambiamento che cresce con noi!\" \/>\n<meta property=\"og:url\" content=\"https:\/\/civilwordsaps.it\/en\/donazioni\/\" \/>\n<meta property=\"og:site_name\" content=\"CIVIL WORDS\" \/>\n<meta property=\"article:publisher\" content=\"https:\/\/www.facebook.com\/CivWords\" \/>\n<meta property=\"article:modified_time\" content=\"2026-01-18T23:52:44+00:00\" \/>\n<meta property=\"og:image\" content=\"https:\/\/civilwordsaps.it\/wp-content\/uploads\/2025\/08\/B8A8044-100-scaled.jpg\" \/>\n\t<meta property=\"og:image:width\" content=\"2560\" \/>\n\t<meta property=\"og:image:height\" content=\"1707\" \/>\n\t<meta property=\"og:image:type\" content=\"image\/jpeg\" \/>\n<meta name=\"twitter:card\" content=\"summary_large_image\" \/>\n<meta name=\"twitter:label1\" content=\"Estimated reading time\" \/>\n\t<meta name=\"twitter:data1\" content=\"1 minute\" \/>\n<script type=\"application\/ld+json\" class=\"yoast-schema-graph\">{\"@context\":\"https:\/\/schema.org\",\"@graph\":[{\"@type\":\"WebPage\",\"@id\":\"https:\/\/civilwordsaps.it\/donazioni\/\",\"url\":\"https:\/\/civilwordsaps.it\/donazioni\/\",\"name\":\"DONAZIONI - CIVIL WORDS\",\"isPartOf\":{\"@id\":\"https:\/\/civilwordsaps.it\/#website\"},\"primaryImageOfPage\":{\"@id\":\"https:\/\/civilwordsaps.it\/donazioni\/#primaryimage\"},\"image\":{\"@id\":\"https:\/\/civilwordsaps.it\/donazioni\/#primaryimage\"},\"thumbnailUrl\":\"https:\/\/civilwordsaps.it\/wp-content\/uploads\/2025\/08\/B8A8044-100-scaled.jpg\",\"datePublished\":\"2025-08-21T14:59:31+00:00\",\"dateModified\":\"2026-01-18T23:52:44+00:00\",\"breadcrumb\":{\"@id\":\"https:\/\/civilwordsaps.it\/donazioni\/#breadcrumb\"},\"inLanguage\":\"en-GB\",\"potentialAction\":[{\"@type\":\"ReadAction\",\"target\":[\"https:\/\/civilwordsaps.it\/donazioni\/\"]}]},{\"@type\":\"ImageObject\",\"inLanguage\":\"en-GB\",\"@id\":\"https:\/\/civilwordsaps.it\/donazioni\/#primaryimage\",\"url\":\"https:\/\/civilwordsaps.it\/wp-content\/uploads\/2025\/08\/B8A8044-100-scaled.jpg\",\"contentUrl\":\"https:\/\/civilwordsaps.it\/wp-content\/uploads\/2025\/08\/B8A8044-100-scaled.jpg\",\"width\":2560,\"height\":1707},{\"@type\":\"BreadcrumbList\",\"@id\":\"https:\/\/civilwordsaps.it\/donazioni\/#breadcrumb\",\"itemListElement\":[{\"@type\":\"ListItem\",\"position\":1,\"name\":\"Home\",\"item\":\"https:\/\/civilwordsaps.it\/\"},{\"@type\":\"ListItem\",\"position\":2,\"name\":\"Shop\",\"item\":\"https:\/\/civilwordsaps.it\/negozio\/\"},{\"@type\":\"ListItem\",\"position\":3,\"name\":\"DONAZIONI\"}]},{\"@type\":\"WebSite\",\"@id\":\"https:\/\/civilwordsaps.it\/#website\",\"url\":\"https:\/\/civilwordsaps.it\/\",\"name\":\"Civil Words\",\"description\":\"STAY HUMAN\",\"publisher\":{\"@id\":\"https:\/\/civilwordsaps.it\/#organization\"},\"potentialAction\":[{\"@type\":\"SearchAction\",\"target\":{\"@type\":\"EntryPoint\",\"urlTemplate\":\"https:\/\/civilwordsaps.it\/?s={search_term_string}\"},\"query-input\":{\"@type\":\"PropertyValueSpecification\",\"valueRequired\":true,\"valueName\":\"search_term_string\"}}],\"inLanguage\":\"en-GB\"},{\"@type\":\"Organization\",\"@id\":\"https:\/\/civilwordsaps.it\/#organization\",\"name\":\"Civil Words\",\"url\":\"https:\/\/civilwordsaps.it\/\",\"logo\":{\"@type\":\"ImageObject\",\"inLanguage\":\"en-GB\",\"@id\":\"https:\/\/civilwordsaps.it\/#\/schema\/logo\/image\/\",\"url\":\"https:\/\/civilwordsaps.it\/wp-content\/uploads\/2025\/08\/logo-civil-words.png\",\"contentUrl\":\"https:\/\/civilwordsaps.it\/wp-content\/uploads\/2025\/08\/logo-civil-words.png\",\"width\":279,\"height\":105,\"caption\":\"Civil Words\"},\"image\":{\"@id\":\"https:\/\/civilwordsaps.it\/#\/schema\/logo\/image\/\"},\"sameAs\":[\"https:\/\/www.facebook.com\/CivWords\",\"https:\/\/www.instagram.com\/civilwords\/\",\"https:\/\/www.youtube.com\/@civilwords\/\"]}]}<\/script>\n<!-- \/ Yoast SEO plugin. -->","yoast_head_json":{"title":"DONAZIONI - CIVIL WORDS","robots":{"index":"index","follow":"follow","max-snippet":"max-snippet:-1","max-image-preview":"max-image-preview:large","max-video-preview":"max-video-preview:-1"},"canonical":"https:\/\/civilwordsaps.it\/en\/donazioni\/","og_locale":"en_GB","og_type":"article","og_title":"DONAZIONI - CIVIL WORDS","og_description":"Perch\u00e9 Civil Words? Siamo un\u2019associazione che utilizza il teatro e le arti performative per sensibilizzare, educare e ispirare le persone su temi sociali, umanitari e civili. Crediamo che l\u2019Arte possa generare cambiamento, aprire dialoghi e costruire comunit\u00e0 pi\u00f9 consapevoli. Perch\u00e9 aiutarci? Ogni contributo ci permette di portare avanti spettacoli, laboratori e progetti che fanno bene non solo a chi vi partecipa, ma all\u2019intera societ\u00e0. Con la tua donazione ci aiuti a trasformare idee e valori in azioni concrete, accessibili a tutti. Ogni contributo che riceviamo \u00e8 utilizzato in modo trasparente e responsabile. I fondi raccolti ci permettono di:  \ud83c\udf9f\ufe0f Realizzare spettacoli e performance su temi sociali e civili, accessibili anche a chi non potrebbe permetterseli. \ud83d\udc69\u200d\ud83c\udfeb Organizzare laboratori teatrali e workshop per studenti, adulti e comunit\u00e0, promuovendo educazione e inclusione. \ud83c\udfa5 Produrre materiali multimediali (foto, video, documentari) per diffondere i nostri progetti a un pubblico pi\u00f9 ampio. \ud83c\udf0d Sostenere collaborazioni con altre associazioni e realt\u00e0 sociali, creando reti solidali e culturali. \ud83c\udfdb\ufe0f Garantire la gestione e la logistica dei nostri eventi (spazi, attrezzature, costumi, materiali didattici). \ud83d\udcda Investire nella formazione degli attori e dei volontari, perch\u00e9 un cambiamento reale parte dalla crescita delle persone che lo portano avanti.  Con la tua donazione, ogni euro diventa un seme di cambiamento che cresce con noi!","og_url":"https:\/\/civilwordsaps.it\/en\/donazioni\/","og_site_name":"CIVIL WORDS","article_publisher":"https:\/\/www.facebook.com\/CivWords","article_modified_time":"2026-01-18T23:52:44+00:00","og_image":[{"width":2560,"height":1707,"url":"https:\/\/civilwordsaps.it\/wp-content\/uploads\/2025\/08\/B8A8044-100-scaled.jpg","type":"image\/jpeg"}],"twitter_card":"summary_large_image","twitter_misc":{"Estimated reading time":"1 minute"},"schema":{"@context":"https:\/\/schema.org","@graph":[{"@type":"WebPage","@id":"https:\/\/civilwordsaps.it\/donazioni\/","url":"https:\/\/civilwordsaps.it\/donazioni\/","name":"DONAZIONI - CIVIL WORDS","isPartOf":{"@id":"https:\/\/civilwordsaps.it\/#website"},"primaryImageOfPage":{"@id":"https:\/\/civilwordsaps.it\/donazioni\/#primaryimage"},"image":{"@id":"https:\/\/civilwordsaps.it\/donazioni\/#primaryimage"},"thumbnailUrl":"https:\/\/civilwordsaps.it\/wp-content\/uploads\/2025\/08\/B8A8044-100-scaled.jpg","datePublished":"2025-08-21T14:59:31+00:00","dateModified":"2026-01-18T23:52:44+00:00","breadcrumb":{"@id":"https:\/\/civilwordsaps.it\/donazioni\/#breadcrumb"},"inLanguage":"en-GB","potentialAction":[{"@type":"ReadAction","target":["https:\/\/civilwordsaps.it\/donazioni\/"]}]},{"@type":"ImageObject","inLanguage":"en-GB","@id":"https:\/\/civilwordsaps.it\/donazioni\/#primaryimage","url":"https:\/\/civilwordsaps.it\/wp-content\/uploads\/2025\/08\/B8A8044-100-scaled.jpg","contentUrl":"https:\/\/civilwordsaps.it\/wp-content\/uploads\/2025\/08\/B8A8044-100-scaled.jpg","width":2560,"height":1707},{"@type":"BreadcrumbList","@id":"https:\/\/civilwordsaps.it\/donazioni\/#breadcrumb","itemListElement":[{"@type":"ListItem","position":1,"name":"Home","item":"https:\/\/civilwordsaps.it\/"},{"@type":"ListItem","position":2,"name":"Shop","item":"https:\/\/civilwordsaps.it\/negozio\/"},{"@type":"ListItem","position":3,"name":"DONAZIONI"}]},{"@type":"WebSite","@id":"https:\/\/civilwordsaps.it\/#website","url":"https:\/\/civilwordsaps.it\/","name":"Civil Words","description":"STAY HUMAN","publisher":{"@id":"https:\/\/civilwordsaps.it\/#organization"},"potentialAction":[{"@type":"SearchAction","target":{"@type":"EntryPoint","urlTemplate":"https:\/\/civilwordsaps.it\/?s={search_term_string}"},"query-input":{"@type":"PropertyValueSpecification","valueRequired":true,"valueName":"search_term_string"}}],"inLanguage":"en-GB"},{"@type":"Organization","@id":"https:\/\/civilwordsaps.it\/#organization","name":"Civil Words","url":"https:\/\/civilwordsaps.it\/","logo":{"@type":"ImageObject","inLanguage":"en-GB","@id":"https:\/\/civilwordsaps.it\/#\/schema\/logo\/image\/","url":"https:\/\/civilwordsaps.it\/wp-content\/uploads\/2025\/08\/logo-civil-words.png","contentUrl":"https:\/\/civilwordsaps.it\/wp-content\/uploads\/2025\/08\/logo-civil-words.png","width":279,"height":105,"caption":"Civil Words"},"image":{"@id":"https:\/\/civilwordsaps.it\/#\/schema\/logo\/image\/"},"sameAs":["https:\/\/www.facebook.com\/CivWords","https:\/\/www.instagram.com\/civilwords\/","https:\/\/www.youtube.com\/@civilwords\/"]}]}},"_links":{"self":[{"href":"https:\/\/civilwordsaps.it\/en\/wp-json\/wp\/v2\/product\/1199","targetHints":{"allow":["GET"]}}],"collection":[{"href":"https:\/\/civilwordsaps.it\/en\/wp-json\/wp\/v2\/product"}],"about":[{"href":"https:\/\/civilwordsaps.it\/en\/wp-json\/wp\/v2\/types\/product"}],"wp:featuredmedia":[{"embeddable":true,"href":"https:\/\/civilwordsaps.it\/en\/wp-json\/wp\/v2\/media\/937"}],"wp:attachment":[{"href":"https:\/\/civilwordsaps.it\/en\/wp-json\/wp\/v2\/media?parent=1199"}],"wp:term":[{"taxonomy":"product_brand","embeddable":true,"href":"https:\/\/civilwordsaps.it\/en\/wp-json\/wp\/v2\/product_brand?post=1199"},{"taxonomy":"product_cat","embeddable":true,"href":"https:\/\/civilwordsaps.it\/en\/wp-json\/wp\/v2\/product_cat?post=1199"},{"taxonomy":"product_tag","embeddable":true,"href":"https:\/\/civilwordsaps.it\/en\/wp-json\/wp\/v2\/product_tag?post=1199"}],"curies":[{"name":"wp","href":"https:\/\/api.w.org\/{rel}","templated":true}]}}